{"id":17369,"date":"2023-06-08T10:08:06","date_gmt":"2023-06-08T08:08:06","guid":{"rendered":"https:\/\/olongip.direct.quickconnect.to\/wordpress\/?page_id=17369"},"modified":"2023-12-05T11:47:02","modified_gmt":"2023-12-05T10:47:02","slug":"b-greece","status":"publish","type":"page","link":"https:\/\/olongip.direct.quickconnect.to\/wordpress\/b-greece\/","title":{"rendered":"b.greece"},"content":{"rendered":"\t\t<div data-elementor-type=\"wp-page\" data-elementor-id=\"17369\" class=\"elementor elementor-17369\" data-elementor-post-type=\"page\">\n\t\t\t\t\t\t\t<div class=\"elementor-element elementor-element-6e7a1f0 e-flex e-con-boxed e-con e-parent\" data-id=\"6e7a1f0\" data-element_type=\"container\" data-settings=\"{&quot;background_background&quot;:&quot;classic&quot;,&quot;content_width&quot;:&quot;boxed&quot;}\" data-core-v316-plus=\"true\">\n\t\t\t\t\t<div class=\"e-con-inner\">\n\t\t<div class=\"elementor-element elementor-element-a2c3253 e-flex e-con-boxed e-con e-child\" data-id=\"a2c3253\" data-element_type=\"container\" data-settings=\"{&quot;background_background&quot;:&quot;classic&quot;,&quot;content_width&quot;:&quot;boxed&quot;}\">\n\t\t\t\t\t<div class=\"e-con-inner\">\n\t\t<div class=\"elementor-element elementor-element-5351873 e-con-full e-flex e-con e-child\" data-id=\"5351873\" data-element_type=\"container\" data-settings=\"{&quot;content_width&quot;:&quot;full&quot;}\">\n\t\t\t\t<div class=\"elementor-element elementor-element-c3fb206 elementor-widget__width-initial elementor-widget elementor-widget-video\" data-id=\"c3fb206\" data-element_type=\"widget\" data-settings=\"{&quot;video_type&quot;:&quot;hosted&quot;,&quot;autoplay&quot;:&quot;yes&quot;,&quot;play_on_mobile&quot;:&quot;yes&quot;,&quot;loop&quot;:&quot;yes&quot;,&quot;controls&quot;:&quot;yes&quot;}\" data-widget_type=\"video.default\">\n\t\t\t\t<div class=\"elementor-widget-container\">\n\t\t\t<style>\/*! elementor - v3.17.0 - 08-11-2023 *\/\n.elementor-widget-video .elementor-widget-container{overflow:hidden;transform:translateZ(0)}.elementor-widget-video .elementor-wrapper{aspect-ratio:var(--video-aspect-ratio)}.elementor-widget-video .elementor-wrapper iframe,.elementor-widget-video .elementor-wrapper video{height:100%;width:100%;display:flex;border:none;background-color:#000}@supports not (aspect-ratio:1\/1){.elementor-widget-video .elementor-wrapper{position:relative;overflow:hidden;height:0;padding-bottom:calc(100% \/ var(--video-aspect-ratio))}.elementor-widget-video .elementor-wrapper iframe,.elementor-widget-video .elementor-wrapper video{position:absolute;top:0;right:0;bottom:0;left:0}}.elementor-widget-video .elementor-open-inline .elementor-custom-embed-image-overlay{position:absolute;top:0;right:0;bottom:0;left:0;background-size:cover;background-position:50%}.elementor-widget-video .elementor-custom-embed-image-overlay{cursor:pointer;text-align:center}.elementor-widget-video .elementor-custom-embed-image-overlay:hover .elementor-custom-embed-play i{opacity:1}.elementor-widget-video .elementor-custom-embed-image-overlay img{display:block;width:100%;aspect-ratio:var(--video-aspect-ratio);-o-object-fit:cover;object-fit:cover;-o-object-position:center center;object-position:center center}@supports not (aspect-ratio:1\/1){.elementor-widget-video .elementor-custom-embed-image-overlay{position:relative;overflow:hidden;height:0;padding-bottom:calc(100% \/ var(--video-aspect-ratio))}.elementor-widget-video .elementor-custom-embed-image-overlay img{position:absolute;top:0;right:0;bottom:0;left:0}}.elementor-widget-video .e-hosted-video .elementor-video{-o-object-fit:cover;object-fit:cover}.e-con-inner>.elementor-widget-video,.e-con>.elementor-widget-video{width:var(--container-widget-width);--flex-grow:var(--container-widget-flex-grow)}<\/style>\t\t<div class=\"e-hosted-video elementor-wrapper elementor-open-inline\">\n\t\t\t\t\t<video class=\"elementor-video\" src=\"https:\/\/olongip.direct.quickconnect.to\/wordpress\/wp-content\/uploads\/2023\/06\/Cyclades - Video_livre_Petit.mp4\" autoplay=\"\" loop=\"\" controls=\"\" playsinline=\"\" controlsList=\"nodownload\"><\/video>\n\t\t\t\t<\/div>\n\t\t\t\t<\/div>\n\t\t\t\t<\/div>\n\t\t\t\t<div class=\"elementor-element elementor-element-21bdd18 elementor-widget__width-initial elementor-absolute elementor-widget elementor-widget-text-editor\" data-id=\"21bdd18\" data-element_type=\"widget\" data-settings=\"{&quot;_position&quot;:&quot;absolute&quot;}\" data-widget_type=\"text-editor.default\">\n\t\t\t\t<div class=\"elementor-widget-container\">\n\t\t\t<style>\/*! elementor - v3.17.0 - 08-11-2023 *\/\n.elementor-widget-text-editor.elementor-drop-cap-view-stacked .elementor-drop-cap{background-color:#69727d;color:#fff}.elementor-widget-text-editor.elementor-drop-cap-view-framed .elementor-drop-cap{color:#69727d;border:3px solid;background-color:transparent}.elementor-widget-text-editor:not(.elementor-drop-cap-view-default) .elementor-drop-cap{margin-top:8px}.elementor-widget-text-editor:not(.elementor-drop-cap-view-default) .elementor-drop-cap-letter{width:1em;height:1em}.elementor-widget-text-editor .elementor-drop-cap{float:left;text-align:center;line-height:1;font-size:50px}.elementor-widget-text-editor .elementor-drop-cap-letter{display:inline-block}<\/style>\t\t\t\t<pre><span style=\"font-family: arial, helvetica, sans-serif; font-size: 8pt; color: #000000;\">Gr\u00e8ce, Greece, Cyclades, cyclade - <br \/>Album, photo, diaporama, slideshow, trip, voyage,<br \/> book, livre, r\u00e9cit, story, diary, roadtrip, avion, plane,<br \/> car, voiture, bateau, boat train, hotel, photography,<br \/> photographie, carte, monde, Europe, asie, Afrique,<br \/> oc\u00e9anie, asia, oceania, Africa, America, am\u00e9rique,<br \/> ville, pays, county, countries, villes, city, cities, Athens,<br \/> Ath\u00e8nes, sifnos, serifos, milos, folegandros, ios,<br \/>santorin, santorini, amorgos, donoussa, iraklia,<br \/>naxos, paros, antiparos, mykonos, delos, tinos,<br \/>andros, syros, koufonissia<\/span><\/pre>\t\t\t\t\t\t<\/div>\n\t\t\t\t<\/div>\n\t\t\t\t<\/div>\n\t\t<div class=\"elementor-element elementor-element-3d60655 e-con-full e-flex e-con e-child\" data-id=\"3d60655\" data-element_type=\"container\" data-settings=\"{&quot;content_width&quot;:&quot;full&quot;}\">\n\t\t\t\t<div class=\"elementor-element elementor-element-49ecd96 elementor-widget__width-initial elementor-widget elementor-widget-text-editor\" data-id=\"49ecd96\" data-element_type=\"widget\" data-widget_type=\"text-editor.default\">\n\t\t\t\t<div class=\"elementor-widget-container\">\n\t\t\t\t\t\t\t<p style=\"text-align: right;\"><span style=\"font-size: 18pt; font-family: arial, helvetica, sans-serif;\">\/ <span style=\"color: #ffffff;\">GREECE<\/span><\/span><\/p>\t\t\t\t\t\t<\/div>\n\t\t\t\t<\/div>\n\t\t\t\t<div class=\"elementor-element elementor-element-e909449 elementor-align-center elementor-widget elementor-widget-button\" data-id=\"e909449\" data-element_type=\"widget\" data-widget_type=\"button.default\">\n\t\t\t\t<div class=\"elementor-widget-container\">\n\t\t\t\t\t<div class=\"elementor-button-wrapper\">\n\t\t\t<a class=\"elementor-button elementor-button-link elementor-size-xs\" href=\"https:\/\/www.thebookedition.com\/fr\/cyclades-p-398555.html\" target=\"_blank\">\n\t\t\t\t\t\t<span class=\"elementor-button-content-wrapper\">\n\t\t\t\t\t\t<span class=\"elementor-button-text\">Achetez le !<\/span>\n\t\t<\/span>\n\t\t\t\t\t<\/a>\n\t\t<\/div>\n\t\t\t\t<\/div>\n\t\t\t\t<\/div>\n\t\t\t\t<div class=\"elementor-element elementor-element-fbb4537 elementor-align-center elementor-widget elementor-widget-button\" data-id=\"fbb4537\" data-element_type=\"widget\" data-widget_type=\"button.default\">\n\t\t\t\t<div class=\"elementor-widget-container\">\n\t\t\t\t\t<div class=\"elementor-button-wrapper\">\n\t\t\t<a class=\"elementor-button elementor-button-link elementor-size-sm\" href=\"https:\/\/www.thebookedition.com\/fr\/cyclades-p-398555.html\" target=\"_blank\">\n\t\t\t\t\t\t<span class=\"elementor-button-content-wrapper\">\n\t\t\t\t\t\t<span class=\"elementor-button-text\"> Order it!<\/span>\n\t\t<\/span>\n\t\t\t\t\t<\/a>\n\t\t<\/div>\n\t\t\t\t<\/div>\n\t\t\t\t<\/div>\n\t\t\t\t<div class=\"elementor-element elementor-element-c61aeda elementor-align-center elementor-widget elementor-widget-button\" data-id=\"c61aeda\" data-element_type=\"widget\" data-widget_type=\"button.default\">\n\t\t\t\t<div class=\"elementor-widget-container\">\n\t\t\t\t\t<div class=\"elementor-button-wrapper\">\n\t\t\t<a class=\"elementor-button elementor-button-link elementor-size-sm\" href=\"https:\/\/olongip.direct.quickconnect.to\/wordpress\/map-greece\/\">\n\t\t\t\t\t\t<span class=\"elementor-button-content-wrapper\">\n\t\t\t\t\t\t<span class=\"elementor-button-text\">Photos<\/span>\n\t\t<\/span>\n\t\t\t\t\t<\/a>\n\t\t<\/div>\n\t\t\t\t<\/div>\n\t\t\t\t<\/div>\n\t\t\t\t<\/div>\n\t\t\t\t\t<\/div>\n\t\t\t\t<\/div>\n\t\t\t\t<div class=\"elementor-element elementor-element-df794ed elementor-widget elementor-widget-image\" data-id=\"df794ed\" data-element_type=\"widget\" data-widget_type=\"image.default\">\n\t\t\t\t<div class=\"elementor-widget-container\">\n\t\t\t<style>\/*! elementor - v3.17.0 - 08-11-2023 *\/\n.elementor-widget-image{text-align:center}.elementor-widget-image a{display:inline-block}.elementor-widget-image a img[src$=\".svg\"]{width:48px}.elementor-widget-image img{vertical-align:middle;display:inline-block}<\/style>\t\t\t\t\t\t\t\t\t\t\t\t\t<a href=\"https:\/\/www.thebookedition.com\/fr\/cyclades-p-398555.html\" target=\"_blank\">\n\t\t\t\t\t\t\t<img loading=\"lazy\" decoding=\"async\" width=\"800\" height=\"553\" src=\"https:\/\/olongip.direct.quickconnect.to\/wordpress\/wp-content\/uploads\/2023\/06\/b.greece.jpg\" class=\"attachment-large size-large wp-image-17377\" alt=\"\" \/>\t\t\t\t\t\t\t\t<\/a>\n\t\t\t\t\t\t\t\t\t\t\t\t\t\t\t<\/div>\n\t\t\t\t<\/div>\n\t\t\t\t\t<\/div>\n\t\t\t\t<\/div>\n\t\t\t\t\t\t\t<\/div>\n\t\t","protected":false},"excerpt":{"rendered":"<p>https:\/\/olongip.direct.quickconnect.to\/wordpress\/wp-content\/uploads\/2023\/06\/Cyclades%20-%20Video_livre_Petit.mp4 Gr\u00e8ce, Greece, Cyclades, cyclade &#8211; Album, photo, diaporama, slideshow, trip, voyage, book, livre, r\u00e9cit, story, diary, roadtrip, avion, plane, car, voiture, bateau, boat train, hotel, photography, photographie, carte, monde, Europe, asie, Afrique, oc\u00e9anie, asia, oceania, Africa, America, am\u00e9rique, ville, pays, county, countries, villes, city, cities, Athens, Ath\u00e8nes, sifnos, serifos, milos, folegandros, ios,santorin, santorini, amorgos, [&hellip;]<\/p>\n","protected":false},"author":1,"featured_media":0,"parent":0,"menu_order":0,"comment_status":"closed","ping_status":"closed","template":"","meta":{"_seopress_robots_primary_cat":"","footnotes":""},"class_list":["post-17369","page","type-page","status-publish","hentry"],"_links":{"self":[{"href":"https:\/\/olongip.direct.quickconnect.to\/wordpress\/wp-json\/wp\/v2\/pages\/17369","targetHints":{"allow":["GET"]}}],"collection":[{"href":"https:\/\/olongip.direct.quickconnect.to\/wordpress\/wp-json\/wp\/v2\/pages"}],"about":[{"href":"https:\/\/olongip.direct.quickconnect.to\/wordpress\/wp-json\/wp\/v2\/types\/page"}],"author":[{"embeddable":true,"href":"https:\/\/olongip.direct.quickconnect.to\/wordpress\/wp-json\/wp\/v2\/users\/1"}],"replies":[{"embeddable":true,"href":"https:\/\/olongip.direct.quickconnect.to\/wordpress\/wp-json\/wp\/v2\/comments?post=17369"}],"version-history":[{"count":13,"href":"https:\/\/olongip.direct.quickconnect.to\/wordpress\/wp-json\/wp\/v2\/pages\/17369\/revisions"}],"predecessor-version":[{"id":31932,"href":"https:\/\/olongip.direct.quickconnect.to\/wordpress\/wp-json\/wp\/v2\/pages\/17369\/revisions\/31932"}],"wp:attachment":[{"href":"https:\/\/olongip.direct.quickconnect.to\/wordpress\/wp-json\/wp\/v2\/media?parent=17369"}],"curies":[{"name":"wp","href":"https:\/\/api.w.org\/{rel}","templated":true}]}}